{"id":1113,"date":"2017-03-26T14:10:20","date_gmt":"2017-03-26T13:10:20","guid":{"rendered":"https:\/\/the7.io\/beauty-studio\/?page_id=1113"},"modified":"2025-04-14T14:17:56","modified_gmt":"2025-04-14T14:17:56","slug":"sobre-mim","status":"publish","type":"page","link":"https:\/\/dentistasjp.com.br\/index.php\/sobre-mim\/","title":{"rendered":"Sobre Mim"},"content":{"rendered":"<p>[vc_row][vc_column width=&#8221;2\/3&#8243;][vc_empty_space height=&#8221;50px&#8221;][vc_column_text]<\/p>\n<h2 style=\"text-align: left;\"><span style=\"font-family: Georgia;\"><i>Dra. J\u00e9ssica Ara\u00fajo<\/i><\/span><\/h2>\n<p>[\/vc_column_text][vc_empty_space height=&#8221;30px&#8221;][vc_column_text]Uma odontologia simples, acess\u00edvel e resolutiva, esse \u00e9 o meu prop\u00f3sito.<\/p>\n<p>Aliviar dores e desconfortos e acabar com a vergonha de sorrir. Reestabelecendo e promovendo sa\u00fade bucal, minha miss\u00e3o \u00e9 contribuir para o bem-estar e auto-estima, levando a uma melhor qualidade de vida.<\/p>\n<p>Busco proporcionar um atendimento atencioso, eficaz e simplificado a cada um que confia a mim o seu sorriso.<\/p>\n<p>Os cuidados em meu consult\u00f3rio abrangem desde a preven\u00e7\u00e3o, tratamento e manuten\u00e7\u00e3o da sa\u00fade bucal.<\/p>\n<p>Realizo procedimentos de limpeza dent\u00e1ria, remo\u00e7\u00e3o de t\u00e1rtaro, tratamento da gengivite, tratamento de c\u00e1rie, restaura\u00e7\u00e3o de dentes quebrados e desgastados, tratamento de canal, restaura\u00e7\u00f5es est\u00e9ticas, extra\u00e7\u00f5es, e mais.<\/p>\n<p>Meu foco \u00e9 levar uma Odontologia de qualidade e bom atendimento com pre\u00e7o acess\u00edvel a popula\u00e7\u00e3o![\/vc_column_text][vc_empty_space height=&#8221;40px&#8221;][vc_separator color=&#8221;vista_blue&#8221; style=&#8221;dotted&#8221;][vc_empty_space height=&#8221;20px&#8221;][vc_column_text]<\/p>\n<h2 style=\"text-align: left;\"><span style=\"font-family: Georgia;\"><i>Por uma vida mais leve e repleta de sorrisos!<\/i><\/span><\/h2>\n<p>[\/vc_column_text][vc_empty_space height=&#8221;20px&#8221;][vc_separator color=&#8221;vista_blue&#8221; style=&#8221;dotted&#8221;][\/vc_column][vc_column width=&#8221;1\/3&#8243;][\/vc_column][\/vc_row][vc_row][vc_column][vc_empty_space height=&#8221;100px&#8221;][\/vc_column][\/vc_row]<\/p>\n","protected":false},"excerpt":{"rendered":"<p>[vc_row][vc_column width=&#8221;2\/3&#8243;][vc_empty_space height=&#8221;50px&#8221;][vc_column_text] Dra. J\u00e9ssica Ara\u00fajo [\/vc_column_text][vc_empty_space height=&#8221;30px&#8221;][vc_column_text]Uma odontologia simples, acess\u00edvel e resolutiva, esse \u00e9 o meu prop\u00f3sito. Aliviar dores e desconfortos e acabar com a vergonha de sorrir. Reestabelecendo e promovendo sa\u00fade bucal, minha miss\u00e3o \u00e9 contribuir para o bem-estar e auto-estima, levando a uma melhor qualidade de vida. Busco proporcionar um atendimento atencioso,&hellip;<\/p>\n","protected":false},"author":1,"featured_media":0,"parent":0,"menu_order":0,"comment_status":"closed","ping_status":"closed","template":"","meta":[],"class_list":["post-1113","page","type-page","status-publish","hentry","description-off"],"_links":{"self":[{"href":"https:\/\/dentistasjp.com.br\/index.php\/wp-json\/wp\/v2\/pages\/1113","targetHints":{"allow":["GET"]}}],"collection":[{"href":"https:\/\/dentistasjp.com.br\/index.php\/wp-json\/wp\/v2\/pages"}],"about":[{"href":"https:\/\/dentistasjp.com.br\/index.php\/wp-json\/wp\/v2\/types\/page"}],"author":[{"embeddable":true,"href":"https:\/\/dentistasjp.com.br\/index.php\/wp-json\/wp\/v2\/users\/1"}],"replies":[{"embeddable":true,"href":"https:\/\/dentistasjp.com.br\/index.php\/wp-json\/wp\/v2\/comments?post=1113"}],"version-history":[{"count":57,"href":"https:\/\/dentistasjp.com.br\/index.php\/wp-json\/wp\/v2\/pages\/1113\/revisions"}],"predecessor-version":[{"id":2992,"href":"https:\/\/dentistasjp.com.br\/index.php\/wp-json\/wp\/v2\/pages\/1113\/revisions\/2992"}],"wp:attachment":[{"href":"https:\/\/dentistasjp.com.br\/index.php\/wp-json\/wp\/v2\/media?parent=1113"}],"curies":[{"name":"wp","href":"https:\/\/api.w.org\/{rel}","templated":true}]}}